{"id":1017,"date":"2024-09-14T17:49:14","date_gmt":"2024-09-14T22:49:14","guid":{"rendered":"https:\/\/jeaniegooden.com\/?post_type=product&#038;p=1017"},"modified":"2024-11-28T09:55:43","modified_gmt":"2024-11-28T15:55:43","slug":"findings-translations","status":"publish","type":"product","link":"https:\/\/jeaniegooden.com\/es\/producto\/findings-translations\/","title":{"rendered":"findings: translations"},"content":{"rendered":"<p>Este es un libro de arte con un enfoque \u00fanico para ver pinturas y contextos. La idea se basa en explorar el arte de ver cosas comunes de formas poco comunes. Dise\u00f1ado para ser interactivo, el libro ofrece conexiones visuales entre las fotograf\u00edas y los cuadros de Gooden.&nbsp;<\/p>\n<p>En lugar de ser un libro de bellos objetos y escenarios, las p\u00e1ginas est\u00e1n llenas de im\u00e1genes de todo tipo, desde el parachoques de un coche hasta fregonas, paredes desgastadas, redes de pesca, fuegos artificiales y mucho m\u00e1s.&nbsp;<\/p>\n<p>Doscientas cuarenta p\u00e1ginas de im\u00e1genes a todo color ilustran una experiencia personal que puede ocurrirle a cualquiera, en cualquier lugar y en cualquier momento.&nbsp;<\/p>\n<p>Aunque el libro est\u00e1 escrito por un pintor estadounidense que trabaja en M\u00e9xico, el concepto del libro va m\u00e1s all\u00e1 de la experiencia de una persona.  El libro invita al lector a traducir las im\u00e1genes seg\u00fan su perspectiva y anima a ver profundamente en la vida cotidiana.&nbsp;&nbsp;&nbsp;<\/p>\n<p>El libro est\u00e1 salpicado de breves narraciones escritas tanto en ingl\u00e9s como en espa\u00f1ol.<\/p>\n<p>Durante m\u00e1s de 20 a\u00f1os, gooden ha vivido y pintado en la Ciudad Colonial de San Miguel de Allende, Guanajuato, M\u00e9xico.  Aparte de donde se indica, las im\u00e1genes fueron tomadas por jeanie entre el centro de M\u00e9xico y la costa del Pac\u00edfico de M\u00e9xico. La residencia de tiempo completo de Jeanie se encuentra ahora en San Miguel de Allende, Guanajuato, M\u00e9xico.<\/p>\n<p>Una parte de la venta del libro se destina a CASA PICH, un enclave art\u00edstico de Valladolid, Yucat\u00e1n, dedicado a apoyar y fomentar las artes ind\u00edgenas y contempor\u00e1neas.&nbsp;<\/p>\n<p>&nbsp;<\/p>\n<p>Pie de imprenta PEACH CAN PRESS LLC.  El precio, 48 USD.&nbsp;<\/p>\n<p>Si tiene alguna pregunta, p\u00f3ngase en contacto con jeanie en:<\/p>\n<p><a href=\"mailto:peachcanpress@gmail.com\">peachcanpress@gmail.com<\/a><\/p>\n<p>918 605 4705<\/p>\n<p>&nbsp;<\/p>","protected":false},"excerpt":{"rendered":"<p>NOW AVAILABLE TO SHIP\u2026ORDER BEFORE DECEMBER 10 for delivery before Christmas.<br \/>\nBooks also available at M.A. Doran Gallery and Magic City Books, Tulsa, OK<\/p>\n<p>Este es un libro de arte con un enfoque \u00fanico para ver pinturas y contextos. La idea se basa en explorar el arte de ver cosas comunes de formas poco comunes. Dise\u00f1ado para ser interactivo, el libro ofrece conexiones visuales entre las fotograf\u00edas y los cuadros de Gooden.<\/p>\n<p>A portion of the sale of this book supports<br \/>\nCASA PICH, an artist enclave in Valladolid, Yucatan, dedicated to supporting and nurturing the indigenous and contemporary arts. To learn more or donate:<\/p>\n<p>casapich.com<\/p>\n<p>Una parte de la venta de este libro se destina a CASA PICH, un enclave art\u00edstico de Valladolid, Yucat\u00e1n, dedicado a apoyar y fomentar las artes ind\u00edgenas y contempor\u00e1neas.<\/p>\n<p>&nbsp;<\/p>","protected":false},"featured_media":1018,"template":"","meta":{"ngg_post_thumbnail":0},"product_brand":[],"product_cat":[24],"product_tag":[],"class_list":{"0":"post-1017","1":"product","2":"type-product","3":"status-publish","4":"has-post-thumbnail","6":"product_cat-books","7":"product_shipping_class-standar-fee","9":"first","10":"instock","11":"taxable","12":"shipping-taxable","13":"purchasable","14":"product-type-simple"},"_links":{"self":[{"href":"https:\/\/jeaniegooden.com\/es\/wp-json\/wp\/v2\/product\/1017","targetHints":{"allow":["GET"]}}],"collection":[{"href":"https:\/\/jeaniegooden.com\/es\/wp-json\/wp\/v2\/product"}],"about":[{"href":"https:\/\/jeaniegooden.com\/es\/wp-json\/wp\/v2\/types\/product"}],"wp:featuredmedia":[{"embeddable":true,"href":"https:\/\/jeaniegooden.com\/es\/wp-json\/wp\/v2\/media\/1018"}],"wp:attachment":[{"href":"https:\/\/jeaniegooden.com\/es\/wp-json\/wp\/v2\/media?parent=1017"}],"wp:term":[{"taxonomy":"product_brand","embeddable":true,"href":"https:\/\/jeaniegooden.com\/es\/wp-json\/wp\/v2\/product_brand?post=1017"},{"taxonomy":"product_cat","embeddable":true,"href":"https:\/\/jeaniegooden.com\/es\/wp-json\/wp\/v2\/product_cat?post=1017"},{"taxonomy":"product_tag","embeddable":true,"href":"https:\/\/jeaniegooden.com\/es\/wp-json\/wp\/v2\/product_tag?post=1017"}],"curies":[{"name":"wp","href":"https:\/\/api.w.org\/{rel}","templated":true}]}}